{"id":159,"date":"2021-01-26T15:09:57","date_gmt":"2021-01-26T14:09:57","guid":{"rendered":"https:\/\/www.trilly.at\/datenschutzerklaerung\/"},"modified":"2021-01-26T15:09:57","modified_gmt":"2021-01-26T14:09:57","slug":"datenschutzerklaerung","status":"publish","type":"page","link":"https:\/\/www.trilly.at\/en\/datenschutzerklaerung\/","title":{"rendered":"Datenschutzerkl\u00e4rung"},"content":{"rendered":"<div class=\"row\">\n<div class=\"clearfix\">\n<h1>DATENSCHUTZERKL\u00c4RUNG<\/h1>\n<\/div>\n<\/div>\n<div class=\"row\">\n<div class=\"small-12 medium-10 large-8 small-centered columns\">\n<div class=\"content_wrapper\">\n<div class=\"post_content\">\n<p>Verantwortlich f\u00fcr die Verarbeitung Ihrer personenbezogenen Daten auf dieser Website ist Ing. Markus Strasser-St\u00f6ckl. Alle relevanten Daten zum Unternehmen finden Sie im <a href=\"https:\/\/www.netqm.at\/impressum\/\">Impressum<\/a>.<\/p>\n<p>Der Schutz Ihrer pers\u00f6nlichen Daten ist uns ein besonderes Anliegen. Wir verarbeiten Ihre Daten daher ausschlie\u00dflich auf Grundlage der gesetzlichen Bestimmungen (DSGVO, TKG 2003). In diesen Datenschutzinformationen informieren wir Sie \u00fcber die wichtigsten Aspekte der Datenverarbeitung im Rahmen unserer Website.<\/p>\n<p><strong>Kontakt mit uns<\/strong><br \/>\nWenn Sie per Formular auf der Website oder per E-Mail Kontakt mit uns aufnehmen, werden Ihre angegebenen Daten zwecks Bearbeitung der Anfrage und f\u00fcr den Fall von Anschlussfragen sechs Monate bei uns gespeichert. Diese Daten geben wir nicht ohne Ihre Einwilligung weiter.<\/p>\n<p><strong>Zugriffsdaten<\/strong><br \/>\nDer Websitebetreiber bzw. Seitenprovider erhebt Daten \u00fcber Zugriffe auf die Seite und speichert diese als \u201eServer-Logfiles\u201c ab. Folgende Daten werden so protokolliert:<\/p>\n<ul>\n<li>Besuchte Website<\/li>\n<li>Uhrzeit zum Zeitpunkt des Zugriffes<\/li>\n<li>Menge der gesendeten Daten in Byte<\/li>\n<li>Quelle\/Verweis, von welchem Sie auf die Seite gelangten<\/li>\n<li>Verwendeter Browser<\/li>\n<li>Verwendetes Betriebssystem<\/li>\n<li>Verwendete IP-Adresse (ggf.: in anonymisierter Form)<\/li>\n<\/ul>\n<p>Die erhobenen Daten dienen lediglich statistischen Auswertungen und zur Verbesserung der Website. Der Websitebetreiber beh\u00e4lt sich allerdings vor, die Server-Logfiles nachtr\u00e4glich zu \u00fcberpr\u00fcfen, sollten konkrete Anhaltspunkte auf eine rechtswidrige Nutzung hinweisen.<\/p>\n<p><strong>Ihre Rechte<\/strong><br \/>\nIhnen stehen grunds\u00e4tzlich die Rechte auf Auskunft, Berichtigung, L\u00f6schung, Einschr\u00e4nkung, Daten\u00fcbertragbarkeit, Widerruf und Widerspruch zu. Wenn Sie glauben, dass die Verarbeitung Ihrer Daten gegen das Datenschutzrecht verst\u00f6\u00dft oder Ihre datenschutzrechtlichen Anspr\u00fcche sonst in einer Weise verletzt worden sind, k\u00f6nnen Sie sich bei der Aufsichtsbeh\u00f6rde beschweren. In \u00d6sterreich ist dies die Datenschutzbeh\u00f6rde.<\/p>\n<p><strong>Google Fonts<\/strong><br \/>\nWir verwenden Google Fonts der Firma Google Inc. (1600 Amphitheatre Parkway Mountain View, CA 94043, USA) auf unserer Webseite. Die Verwendung von Google Fonts erfolgt ohne Authentisierung und es werden keine Cookies and die Google Fonts API gesendet. Sollten Sie ein Konto bei Google haben, werden keine Ihrer Google-Kontodaten an Google w\u00e4hrend der Nutzung von Google Fonts \u00fcbermittelt. Google erfasst lediglich die Nutzung von CSS und der verwendeten Fonts und speichert diese Daten sicher. Mehr zu diesen und weiteren Fragen finden Sie auf\u00a0<a href=\"https:\/\/developers.google.com\/fonts\/faq\" target=\"_blank\" rel=\"nofollow noopener\">https:\/\/developers.google.com\/fonts\/faq<\/a>.<\/p>\n<p><strong>Sie erreichen uns unter folgenden Kontaktdaten<\/strong><\/p>\n<p>Network Quality Management GmbH<br \/>\nGesch\u00e4ftsf\u00fchrer: Markus Strasser-St\u00f6ckl und Katharina H\u00f6ller-Strasser<br \/>\nUrstein Nord 45<br \/>\n5412 Puch bei Hallein<br \/>\nAustria<br \/>\nTel.:\u00a0<a href=\"tel:+43624523033\" target=\"_blank\" rel=\"nofollow noopener\">+43 (6245) 23033<\/a><br \/>\nE-Mail:\u00a0<a href=\"mailto:office@netqm.at\" target=\"_blank\" rel=\"nofollow noopener\">office@netqm.at<\/a><\/p>\n<p>Stand: April 2019<\/p>\n<\/div>\n<\/div>\n<\/div>\n<\/div>\n","protected":false},"excerpt":{"rendered":"<p>DATENSCHUTZERKL\u00c4RUNG Verantwortlich f\u00fcr die Verarbeitung Ihrer personenbezogenen Daten auf dieser Website ist Ing. Markus Strasser-St\u00f6ckl. Alle relevanten Daten zum Unternehmen finden Sie im Impressum. Der Schutz Ihrer pers\u00f6nlichen Daten ist uns ein besonderes Anliegen. Wir verarbeiten Ihre Daten daher ausschlie\u00dflich auf Grundlage der gesetzlichen Bestimmungen (DSGVO, TKG 2003). In diesen Datenschutzinformationen informieren wir Sie \u00fcber [&hellip;]<\/p>\n","protected":false},"author":1,"featured_media":0,"parent":0,"menu_order":1010,"comment_status":"closed","ping_status":"open","template":"","meta":{"_acf_changed":false,"footnotes":""},"class_list":["post-159","page","type-page","status-publish","hentry"],"acf":[],"_links":{"self":[{"href":"https:\/\/www.trilly.at\/en\/wp-json\/wp\/v2\/pages\/159","targetHints":{"allow":["GET"]}}],"collection":[{"href":"https:\/\/www.trilly.at\/en\/wp-json\/wp\/v2\/pages"}],"about":[{"href":"https:\/\/www.trilly.at\/en\/wp-json\/wp\/v2\/types\/page"}],"author":[{"embeddable":true,"href":"https:\/\/www.trilly.at\/en\/wp-json\/wp\/v2\/users\/1"}],"replies":[{"embeddable":true,"href":"https:\/\/www.trilly.at\/en\/wp-json\/wp\/v2\/comments?post=159"}],"version-history":[{"count":0,"href":"https:\/\/www.trilly.at\/en\/wp-json\/wp\/v2\/pages\/159\/revisions"}],"wp:attachment":[{"href":"https:\/\/www.trilly.at\/en\/wp-json\/wp\/v2\/media?parent=159"}],"curies":[{"name":"wp","href":"https:\/\/api.w.org\/{rel}","templated":true}]}}